{"id":137,"date":"2023-10-19T11:40:37","date_gmt":"2023-10-19T09:40:37","guid":{"rendered":"https:\/\/cammatch.org\/?page_id=137"},"modified":"2023-10-30T21:03:28","modified_gmt":"2023-10-30T19:03:28","slug":"terms","status":"publish","type":"page","link":"https:\/\/cammatch.org\/es\/terms\/","title":{"rendered":"T\u00e9rminos"},"content":{"rendered":"<div data-elementor-type=\"wp-page\" data-elementor-id=\"137\" class=\"elementor elementor-137\" data-elementor-post-type=\"page\">\n\t\t\t\t\t\t<section class=\"elementor-section elementor-top-section elementor-element elementor-element-8bbd4be elementor-section-boxed elementor-section-height-default elementor-section-height-default\" data-id=\"8bbd4be\" data-element_type=\"section\">\n\t\t\t\t\t\t<div class=\"elementor-container elementor-column-gap-default\">\n\t\t\t\t\t<div class=\"elementor-column elementor-col-16 elementor-top-column elementor-element elementor-element-71fe801\" data-id=\"71fe801\" data-element_type=\"column\">\n\t\t\t<div class=\"elementor-widget-wrap\">\n\t\t\t\t\t\t\t<\/div>\n\t\t<\/div>\n\t\t\t\t<div class=\"elementor-column elementor-col-66 elementor-top-column elementor-element elementor-element-778f1f4\" data-id=\"778f1f4\" data-element_type=\"column\">\n\t\t\t<div class=\"elementor-widget-wrap elementor-element-populated\">\n\t\t\t\t\t\t<div class=\"elementor-element elementor-element-4a7f00a elementor-widget elementor-widget-heading\" data-id=\"4a7f00a\" data-element_type=\"widget\" data-widget_type=\"heading.default\">\n\t\t\t\t<div class=\"elementor-widget-container\">\n\t\t\t\t\t<h2 class=\"elementor-heading-title elementor-size-default\">T\u00e9rminos<\/h2>\t\t\t\t<\/div>\n\t\t\t\t<\/div>\n\t\t\t\t<div class=\"elementor-element elementor-element-920b806 elementor-widget elementor-widget-text-editor\" data-id=\"920b806\" data-element_type=\"widget\" data-widget_type=\"text-editor.default\">\n\t\t\t\t<div class=\"elementor-widget-container\">\n\t\t\t\t\t\t\t\t\t<p><\/p>\n<p><strong>Quienes somos<\/strong><\/p>\n<p>La direcci\u00f3n de nuestro sitio web de revisi\u00f3n de video chat es: https:\/\/cammatch.org.<\/p>\n<p><strong>Introducci\u00f3n<\/strong><\/p>\n<p>Este documento, que tambi\u00e9n puede denominarse &quot;T\u00e9rminos de servicio&quot;, &quot;T\u00e9rminos&quot;, &quot;Acuerdo de usuario&quot; o &quot;Acuerdo&quot; en todo momento, es un acuerdo legalmente vinculante entre individuos, empresas y organizaciones (Usuarios) y <a href=\"https:\/\/cammatch.org\/es\/\">Cammatch<\/a> punto org (Cammatch.org), al que tambi\u00e9n podr\u00e1 denominarse el \u201cSitio web\u201d o \u201cSitio web\u201d en lo sucesivo. Los t\u00e9rminos &quot;nosotros&quot;, &quot;nosotros&quot; y &quot;nuestro&quot; tambi\u00e9n pueden usarse para referirse a CamMatch dot st en todo momento, mientras que los t\u00e9rminos &quot;usted&quot;, &quot;su&quot;, &quot;Usuario&quot; y &quot;Visitante&quot; pueden usarse para referirse a todos los usuarios del sitio web. Los t\u00e9rminos &quot;Contenido&quot; y &quot;Contenidos&quot; se utilizan para referirse a cualquier material disponible a trav\u00e9s del sitio web. Para acceder y utilizar todos los Contenidos y servicios proporcionados por el Sitio Web usted confirma que tiene al menos 18 (dieciocho) a\u00f1os de edad (o la edad legal en su estado, pa\u00eds o localidad si es mayor de 18). Al utilizar nuestro sitio web, usted acepta que cumple con los t\u00e9rminos de este Acuerdo y nuestras Reglas. Tambi\u00e9n confirma que acepta cumplir con nuestra Pol\u00edtica de privacidad y Pol\u00edtica de reembolso.<\/p>\n<p><strong>Obtener acceso y utilizar el sitio web<\/strong><\/p>\n<p>Le otorgamos una licencia revocable no exclusiva y no sublicenciataria para acceder y utilizar nuestro sitio web estrictamente de acuerdo con este Acuerdo. Sus derechos en virtud de este Acuerdo no son transferibles ni asignables y dicha transferencia ser\u00e1 nula o anulable cuando corresponda. Este Acuerdo de ninguna manera crea ninguna relaci\u00f3n de agencia, sociedad, empresa conjunta o empleado-empleador o franquiciador-franquiciado entre usted y nosotros. Nos reservamos el derecho de detener (temporalmente o por un per\u00edodo de tiempo indefinido) el funcionamiento de nuestro sitio web (por ejemplo, para realizar mantenimiento en nuestro sitio web). Tambi\u00e9n nos reservamos el derecho de alternar nuestro sitio web: por razones t\u00e9cnicas, como problemas con nuestros servidores, mal funcionamiento del hardware o software, ataques de piratas inform\u00e1ticos, etc. Para realizar actualizaciones de nuestro hardware o software en beneficio de nuestro sitio web y\/o la experiencia del usuario. En cualquier caso por motivos leg\u00edtimos como objeciones relativas a la privacidad u objeciones leg\u00edtimas respecto al contenido o mantenimiento de nuestro Sitio Web CamMatch.org<\/p>\n<p>Si decidimos que nuestro sitio web ya no tiene motivos comerciales para continuar funcionando. En caso de que se produzca alg\u00fan cambio en los servicios proporcionados por nosotros. No excluimos espec\u00edficamente los casos en los que nuestro sitio web pueda no estar disponible (temporalmente o por un per\u00edodo de tiempo infinito) debido a problemas t\u00e9cnicos o de mantenimiento. Nuestro sitio web no es inmune a virus, ataques de piratas inform\u00e1ticos, mal funcionamiento del hardware y software y otros problemas inesperados que est\u00e1n fuera de nuestro control. No asumimos responsabilidad por ning\u00fan problema o da\u00f1o, incluido da\u00f1o material, experimentado por los Usuarios de nuestros Servicios debido a razones t\u00e9cnicas. No asumimos responsabilidad por ning\u00fan problema o da\u00f1o experimentado por los Usuarios de nuestros Servicios que sea causado por un mal funcionamiento de Internet o de los datos. Nos comprometemos a tomar todas las medidas posibles para reanudar la funcionalidad correcta de nuestros Servicios en caso de cualquier problema t\u00e9cnico o de mantenimiento. Todos los problemas y\/o costos asociados con las conexiones a Internet y\/o los servicios de conexi\u00f3n de datos m\u00f3viles son responsabilidad del Usuario individual. Aconsejamos a todos los Usuarios que aclaren los costos de cualquier conexi\u00f3n a Internet o de datos antes de utilizar nuestro sitio web.<\/p>\n<p><strong>Contenidos del usuario<\/strong><\/p>\n<p>Los usuarios pueden transmitir informaci\u00f3n de texto, audio (declaraciones verbales) y video a otros usuarios. Al poner a disposici\u00f3n cualquier Contenido de usuario a trav\u00e9s del sitio web, por la presente nos otorga una licencia mundial, irrevocable, perpetua, no exclusiva, transferible y libre de regal\u00edas, con derecho a sublicenciar, usar, copiar, adaptar, modificar, distribuir, licenciar, vender, transferir, exhibir p\u00fablicamente, ejecutar p\u00fablicamente, transmitir, transmitir y explotar de otro modo dicho Contenido de usuario en, a trav\u00e9s o por medio del sitio web y sitios web de terceros. Esto incluye el uso de dicho Contenido con fines comerciales. No reclamamos ning\u00fan derecho de propiedad sobre dicho Contenido de usuario y nada en este Acuerdo se considerar\u00e1 que restringe los derechos que usted pueda tener para usar y explotar dicho Contenido de usuario. Los derechos de autor de todos los Contenidos permanecen en posesi\u00f3n del Usuario que los ha proporcionado. Usted reconoce y acepta que es el \u00fanico responsable de todo el Contenido del usuario que ponga a disposici\u00f3n a trav\u00e9s del sitio web. En consecuencia, usted declara y garantiza que es el \u00fanico y exclusivo propietario de todo el Contenido de usuario que pone a disposici\u00f3n a trav\u00e9s del sitio web o que tiene todos los derechos, licencias, consentimientos y liberaciones necesarios para otorgarnos los derechos sobre dicho Contenido de usuario. , seg\u00fan lo contemplado en los t\u00e9rminos de este Acuerdo. Usted declara y garantiza que ni el Contenido del usuario ni su transmisi\u00f3n o transmisi\u00f3n del Contenido del usuario o nuestro uso del Contenido del usuario (o cualquier parte del mismo) en, a trav\u00e9s o por medio del Sitio web o sitios web de terceros infringir\u00e1n, se apropiar\u00e1n indebidamente o violar\u00e1n patentes, derechos de autor, marcas comerciales, secretos comerciales, derechos morales u otros derechos de propiedad intelectual de un tercero, o derechos de publicidad o privacidad, o que resulten en la violaci\u00f3n de cualquier ley o reglamento aplicable. Los derechos de autor de todos los dem\u00e1s Contenidos, incluidos gr\u00e1ficos, dise\u00f1o de interfaz de usuario, etc., que se encuentran en nuestro sitio web nos pertenecen. Usted acepta no proporcionar ning\u00fan Contenido que viole los t\u00e9rminos de este Acuerdo y nuestras Reglas, los derechos de otros Usuarios, o que pueda ser visto como obsceno u ofensivo para otros. Usted acepta no transmitir ning\u00fan Contenido que viole, o fomente cualquier conducta que viole cualquier ley o reglamento aplicable o que d\u00e9 lugar a responsabilidad civil. Usted acepta no promocionar, publicitar ni ofrecer ning\u00fan tipo de servicio comercial al utilizar nuestro sitio web. Usted acepta no utilizar el sitio web o los contenidos para ning\u00fan prop\u00f3sito comercial o en beneficio de terceros o de cualquier manera no permitida por este Acuerdo.<\/p>\n<p><strong>Actividad de usuario malicioso<\/strong><\/p>\n<p>Usted acepta no hacer nada de lo siguiente: intentar sondear, escanear o probar la vulnerabilidad de cualquiera de nuestros sistemas o redes o violar cualquier medida de seguridad o autenticaci\u00f3n; Evitar, eludir, eliminar, desactivar, perjudicar, decodificar o eludir de otro modo cualquier medida tecnol\u00f3gica implementada por nosotros o cualquiera de nuestros proveedores o cualquier otro tercero (incluido otro Usuario) para proteger el Sitio web o el Contenido; Intentar acceder o buscar en el sitio web o el Contenido o descargar Contenido del sitio web mediante el uso de cualquier motor, software, herramienta, agente, dispositivo o mecanismo (incluidos ara\u00f1as, robots, rastreadores, herramientas de extracci\u00f3n de datos o similares) que no sean los generalmente disponibles. navegadores web de terceros; Falsificar cualquier encabezado de paquete TCP\/IP o cualquier parte de la informaci\u00f3n del encabezado en cualquier publicaci\u00f3n de correo electr\u00f3nico, o utilizar de cualquier manera el Sitio web o el Contenido para enviar informaci\u00f3n de identificaci\u00f3n de fuente alterada, enga\u00f1osa o falsa; Intentar descifrar, descompilar, desensamblar o aplicar ingenier\u00eda inversa a cualquier software utilizado para proporcionar el Sitio web o el Contenido; Interferir o intentar interferir con el acceso de cualquier Usuario, host o red, incluido, entre otros, enviar un virus, sobrecargar, inundar, enviar spam o bombardear el sitio web; Desarrollar una aplicaci\u00f3n o sitio web competitivo; Alentar o permitir que cualquier otra persona haga cualquiera de las cosas anteriores.<\/p>\n<p><strong>Productos o servicios pagos<\/strong><\/p>\n<p>Podemos ofrecer algunos productos o servicios pagos a nuestros Usuarios, en nuestro sitio web, incluidos, entre otros, bienes y servicios digitales y suscripciones. Si nos compra algo, tambi\u00e9n declara y garantiza que: Ha le\u00eddo la descripci\u00f3n del producto o servicio y comprende claramente su naturaleza; Cualquier informaci\u00f3n de pago que proporcione es verdadera y completa; Los cargos incurridos por usted ser\u00e1n asumidos por su banco o compa\u00f1\u00eda de tarjeta de cr\u00e9dito; Pagar\u00e1 los cargos incurridos por usted a los precios publicados, incluidos los impuestos aplicables; Si no se acepta su m\u00e9todo de pago inicial, usted seguir\u00e1 pagando los cargos incurridos, incluido cualquier recargo en el que podamos incurrir debido al pago rechazado. Los servicios pagos no pueden transferirse a terceros. Podemos ofrecer funciones pagas adicionales en nuestro sitio web, como la capacidad de eliminar un <a href=\"https:\/\/cammatch.org\/es\/cammatch-unbanned\/\">prohibici\u00f3n<\/a> antes de que expire el per\u00edodo de prohibici\u00f3n. Estas funciones pagas se pueden comprar a trav\u00e9s de una variedad de m\u00e9todos de pago propuestos en nuestro sitio web. Todos los pagos por servicios pagos en nuestro sitio web est\u00e1n sujetos (o no sujetos) a reembolso de acuerdo con nuestra Pol\u00edtica de reembolso. Si cree que la naturaleza del producto o servicio no le resulta suficientemente clara, no lo compre y no dude en contactarnos antes de realizar una compra.<\/p>\n<p><strong>URL externas<\/strong><\/p>\n<p>Nos reservamos el derecho de colocar enlaces a sitios web externos, recursos de Internet y productos de terceros en nuestro sitio web. Intentamos proporcionar enlaces a recursos de terceros respetados \u00fanicamente; sin embargo, no aceptamos responsabilidad por el contenido de sitios web de terceros, la seguridad de la privacidad de su informaci\u00f3n personal en dichos sitios o cualquier acci\u00f3n que pueda tomar en sitios web externos. Usted reconoce la responsabilidad exclusiva y asume todos los riesgos que surjan del uso de dichos sitios web o recursos. Usted reconoce y acepta que no somos responsables de la disponibilidad o precisi\u00f3n de los sitios web o recursos externos, as\u00ed como del contenido, productos o servicios disponibles en dichos sitios web o recursos.<\/p>\n<p><strong>Vinculaci\u00f3n e incrustaci\u00f3n<\/strong><\/p>\n<p>Puede proporcionar enlaces a nuestro sitio web e incrustarlos en sus sitios web, aplicaciones u otros recursos de Internet siempre que: No elimine ni oscurezca ninguna parte de nuestro sitio web mediante marcos o de otro modo; Su aplicaci\u00f3n, recurso de Internet o sitio web no participa en actividades ilegales o pornogr\u00e1ficas; Usted deja de proporcionar enlaces a nuestro sitio web CamMatch.org, as\u00ed como de insertar nuestro sitio web inmediatamente despu\u00e9s de nuestra solicitud.<\/p>\n<p><strong>Terminaci\u00f3n del acceso<\/strong><\/p>\n<p>Cualquier usuario que viole nuestras Reglas al utilizar nuestro sitio web, los t\u00e9rminos de este Acuerdo, o proporcione o distribuya Contenidos como se establece en la p\u00e1gina 3 de este Acuerdo, puede tener acceso limitado a nuestro sitio web sin ning\u00fan aviso u obligaci\u00f3n (financiera u otra). incluido el derecho a utilizar cualquier software, medio t\u00e9cnico, legal y de otro tipo para garantizar que se cumplan estos t\u00e9rminos (incluido, entre otros, el bloqueo de ciertas direcciones IP). Intentamos notificar a todos los Usuarios sobre dichas restricciones, sin embargo, no estamos obligados a hacerlo. Para las limitaciones de acceso temporal, el per\u00edodo de limitaci\u00f3n lo determinamos nosotros y puede modificarse de vez en cuando. Usted acepta que no seremos responsables ante usted ni ante otros Usuarios por cualquier cambio en los per\u00edodos de prohibici\u00f3n por cualquier tipo de infracci\u00f3n. Todas y cada una de las disposiciones relacionadas con la limitaci\u00f3n de responsabilidad, exenciones de responsabilidad e indemnizaci\u00f3n sobrevivir\u00e1n a la terminaci\u00f3n de este Acuerdo o a la terminaci\u00f3n de su uso de nuestro sitio web Chatroulette dot st.<\/p>\n<p><strong>Abusos y denuncias<\/strong><\/p>\n<p>Cualquier incidente de abuso, violaci\u00f3n de las Reglas y\/o uso inadecuado de sus derechos de autor por parte de otros Usuarios puede informarse a trav\u00e9s de direcciones de correo electr\u00f3nico, formularios de contacto y otros m\u00e9todos de contacto presentados en nuestro sitio web. Los usuarios que intenten resolver cualquier disputa con otros Usuarios de nuestro sitio web violando nuestras Reglas, los t\u00e9rminos de este Acuerdo o Pol\u00edtica de Privacidad, y\/o tomando acciones ilegales como comentarios inapropiados a otros Usuarios, pueden tener acceso limitado a nuestro Sitio web. de forma temporal o permanente, seg\u00fan la p.6 de este Acuerdo.<\/p>\n<p><strong>Limitaci\u00f3n de responsabilidad<\/strong><\/p>\n<p>No somos responsables de las acciones realizadas por nuestros Usuarios mientras est\u00e1n en nuestro sitio web ni de ninguno de los Contenidos proporcionados por ellos. No aceptamos ninguna responsabilidad resultante del uso de nuestro sitio web, incluida la responsabilidad resultante de demandas, sanciones, reclamaciones, da\u00f1os, obligaciones, gastos de cualquier naturaleza y tipo, incluidas sanciones directas, indirectas, ocasionales y\/o p\u00e9rdidas causadas por negligencia. , interrupci\u00f3n del servicio, p\u00e9rdida de datos, da\u00f1os al hardware debido a ataques de virus, p\u00e9rdida de ingresos, p\u00e9rdida de oportunidades, p\u00e9rdida de tiempo de oficina, incumplimiento de un contrato, reclamaciones de terceros o cualquier otra p\u00e9rdida que se haya previsto como posible ser causado debido a o durante el uso de nuestro sitio web. Esta limitaci\u00f3n de responsabilidad cubre, entre otras, la transmisi\u00f3n de cualquier software o virus que pueda da\u00f1ar su hardware, causar mal funcionamiento del hardware mec\u00e1nico o el\u00e9ctrico o de las l\u00edneas de comunicaci\u00f3n, otros problemas de conexi\u00f3n (como la imposibilidad de acceso a Internet), el acceso no autorizado, robo, lesiones, da\u00f1os a la propiedad, errores del operador, huelgas o fuerza mayor, incluyendo, entre otros, responsabilidad por p\u00e9rdida de ingresos, ganancias o p\u00e9rdida de contratos, p\u00e9rdida de negocios, p\u00e9rdida de ahorros anticipados, p\u00e9rdida de buena voluntad, p\u00e9rdida de datos, p\u00e9rdida de tiempo de oficina, y cualquier otra p\u00e9rdida o da\u00f1o de cualquier tipo. Usted acepta proteger CamMatch.org y sus empleados de todos y cada uno de los reclamos de terceros y de cualquier p\u00e9rdida y costo incurrido por reclamos que resulten de sus acciones personales mientras usa nuestro sitio web o debido a los Contenidos proporcionados por usted.<\/p>\n<p><strong>Enmiendas<\/strong><\/p>\n<p>Nos reservamos el derecho, sin previo aviso, de modificar o cambiar nuestras Reglas, Pol\u00edtica de Privacidad, Pol\u00edtica de Reembolso y este Acuerdo. Las copias m\u00e1s recientes y actualizadas de los documentos anteriores se publican en nuestro sitio web. Cualquier modificaci\u00f3n se vuelve activa y v\u00e1lida desde el momento en que el texto modificado se actualiza en la p\u00e1gina respectiva de nuestro sitio web. En algunos casos, podemos notificar a los Usuarios sobre las modificaciones de los documentos; sin embargo, es responsabilidad del Usuario revisar peri\u00f3dicamente las p\u00e1ginas respectivas en busca de actualizaciones. Si no est\u00e1 de acuerdo con alguno de los t\u00e9rminos descritos en este Acuerdo, debe dejar de utilizar nuestro sitio web con efecto inmediato. Continuar utilizando nuestro sitio web despu\u00e9s de que cualquier modificaci\u00f3n entre en vigor indica que est\u00e1 de acuerdo con todos los cambios y los t\u00e9rminos modificados de este Acuerdo.<\/p>\n<p>\u00a0<\/p>\n<p><\/p>\t\t\t\t\t\t\t\t<\/div>\n\t\t\t\t<\/div>\n\t\t\t\t\t<\/div>\n\t\t<\/div>\n\t\t\t\t<div class=\"elementor-column elementor-col-16 elementor-top-column elementor-element elementor-element-4130db7\" data-id=\"4130db7\" data-element_type=\"column\">\n\t\t\t<div class=\"elementor-widget-wrap\">\n\t\t\t\t\t\t\t<\/div>\n\t\t<\/div>\n\t\t\t\t\t<\/div>\n\t\t<\/section>\n\t\t\t\t<\/div>","protected":false},"excerpt":{"rendered":"<p>Qui\u00e9nes somos La direcci\u00f3n de nuestro sitio web de revisi\u00f3n de video chat es: https:\/\/cammatch.org. Introducci\u00f3n Este documento, que tambi\u00e9n puede denominarse &quot;T\u00e9rminos de servicio&quot;, &quot;T\u00e9rminos&quot;, &quot;Acuerdo de usuario&quot; o &quot;Acuerdo&quot; en todo momento, es un acuerdo legalmente vinculante entre individuos, empresas y organizaciones (Usuarios) y CamMatch punto org. (Cammatch.org), que tambi\u00e9n podr\u00e1 denominarse el \u201cSitio web\u201d [\u2026]<\/p>","protected":false},"author":1,"featured_media":0,"parent":0,"menu_order":0,"comment_status":"closed","ping_status":"closed","template":"elementor_canvas","meta":{"footnotes":""},"class_list":["post-137","page","type-page","status-publish","hentry"],"yoast_head":"<!-- This site is optimized with the Yoast SEO Premium plugin v19.3 (Yoast SEO v19.7.1) - https:\/\/yoast.com\/wordpress\/plugins\/seo\/ -->\n<title>Terms - CamMatch<\/title>\n<meta name=\"robots\" content=\"index, follow, max-snippet:-1, max-image-preview:large, max-video-preview:-1\" \/>\n<link rel=\"canonical\" href=\"https:\/\/cammatch.org\/es\/terms\/\" \/>\n<meta property=\"og:locale\" content=\"es_ES\" \/>\n<meta property=\"og:type\" content=\"article\" \/>\n<meta property=\"og:title\" content=\"Terms\" \/>\n<meta property=\"og:description\" content=\"Who we are Our video chat review website address is: https:\/\/cammatch.org. Introduction This document, which may also be referred to as \u201cTerms of Service\u201d, \u201cTerms\u201d, \u201cUser Agreement\u201d or \u201cAgreement\u201d throughout, is a legally binding agreement between individuals, businesses, and organizations (Users) and CamMatch dot org (Cammatch.org), which may also be referred to as the \u201cWebsite\u201d [&hellip;]\" \/>\n<meta property=\"og:url\" content=\"https:\/\/cammatch.org\/es\/terms\/\" \/>\n<meta property=\"og:site_name\" content=\"CamMatch\" \/>\n<meta property=\"article:modified_time\" content=\"2023-10-30T19:03:28+00:00\" \/>\n<meta name=\"twitter:card\" content=\"summary_large_image\" \/>\n<meta name=\"twitter:label1\" content=\"Tiempo de lectura\" \/>\n\t<meta name=\"twitter:data1\" content=\"10 minutos\" \/>\n<script type=\"application\/ld+json\" class=\"yoast-schema-graph\">{\"@context\":\"https:\/\/schema.org\",\"@graph\":[{\"@type\":\"WebPage\",\"@id\":\"https:\/\/cammatch.org\/es\/terms\/\",\"url\":\"https:\/\/cammatch.org\/es\/terms\/\",\"name\":\"Terms - CamMatch\",\"isPartOf\":{\"@id\":\"https:\/\/cammatch.org\/#website\"},\"datePublished\":\"2023-10-19T09:40:37+00:00\",\"dateModified\":\"2023-10-30T19:03:28+00:00\",\"breadcrumb\":{\"@id\":\"https:\/\/cammatch.org\/es\/terms\/#breadcrumb\"},\"inLanguage\":\"es\",\"potentialAction\":[{\"@type\":\"ReadAction\",\"target\":[\"https:\/\/cammatch.org\/es\/terms\/\"]}]},{\"@type\":\"BreadcrumbList\",\"@id\":\"https:\/\/cammatch.org\/es\/terms\/#breadcrumb\",\"itemListElement\":[{\"@type\":\"ListItem\",\"position\":1,\"name\":\"Home\",\"item\":\"https:\/\/cammatch.org\/\"},{\"@type\":\"ListItem\",\"position\":2,\"name\":\"Terms\"}]},{\"@type\":\"WebSite\",\"@id\":\"https:\/\/cammatch.org\/#website\",\"url\":\"https:\/\/cammatch.org\/\",\"name\":\"CamMatch\",\"description\":\"Live Video Chat with Random Strangers\",\"publisher\":{\"@id\":\"https:\/\/cammatch.org\/#organization\"},\"potentialAction\":[{\"@type\":\"SearchAction\",\"target\":{\"@type\":\"EntryPoint\",\"urlTemplate\":\"https:\/\/cammatch.org\/?s={search_term_string}\"},\"query-input\":\"required name=search_term_string\"}],\"inLanguage\":\"es\"},{\"@type\":\"Organization\",\"@id\":\"https:\/\/cammatch.org\/#organization\",\"name\":\"CamMatch\",\"url\":\"https:\/\/cammatch.org\/\",\"sameAs\":[],\"logo\":{\"@type\":\"ImageObject\",\"inLanguage\":\"es\",\"@id\":\"https:\/\/cammatch.org\/#\/schema\/logo\/image\/\",\"url\":\"https:\/\/cammatch.org\/wp-content\/uploads\/2022\/11\/logo.jpg\",\"contentUrl\":\"https:\/\/cammatch.org\/wp-content\/uploads\/2022\/11\/logo.jpg\",\"width\":1024,\"height\":1024,\"caption\":\"CamMatch\"},\"image\":{\"@id\":\"https:\/\/cammatch.org\/#\/schema\/logo\/image\/\"}}]}<\/script>\n<!-- \/ Yoast SEO Premium plugin. -->","yoast_head_json":{"title":"Terms - CamMatch","robots":{"index":"index","follow":"follow","max-snippet":"max-snippet:-1","max-image-preview":"max-image-preview:large","max-video-preview":"max-video-preview:-1"},"canonical":"https:\/\/cammatch.org\/es\/terms\/","og_locale":"es_ES","og_type":"article","og_title":"Terms","og_description":"Who we are Our video chat review website address is: https:\/\/cammatch.org. Introduction This document, which may also be referred to as \u201cTerms of Service\u201d, \u201cTerms\u201d, \u201cUser Agreement\u201d or \u201cAgreement\u201d throughout, is a legally binding agreement between individuals, businesses, and organizations (Users) and CamMatch dot org (Cammatch.org), which may also be referred to as the \u201cWebsite\u201d [&hellip;]","og_url":"https:\/\/cammatch.org\/es\/terms\/","og_site_name":"CamMatch","article_modified_time":"2023-10-30T19:03:28+00:00","twitter_card":"summary_large_image","twitter_misc":{"Tiempo de lectura":"10 minutos"},"schema":{"@context":"https:\/\/schema.org","@graph":[{"@type":"WebPage","@id":"https:\/\/cammatch.org\/es\/terms\/","url":"https:\/\/cammatch.org\/es\/terms\/","name":"Terms - CamMatch","isPartOf":{"@id":"https:\/\/cammatch.org\/#website"},"datePublished":"2023-10-19T09:40:37+00:00","dateModified":"2023-10-30T19:03:28+00:00","breadcrumb":{"@id":"https:\/\/cammatch.org\/es\/terms\/#breadcrumb"},"inLanguage":"es","potentialAction":[{"@type":"ReadAction","target":["https:\/\/cammatch.org\/es\/terms\/"]}]},{"@type":"BreadcrumbList","@id":"https:\/\/cammatch.org\/es\/terms\/#breadcrumb","itemListElement":[{"@type":"ListItem","position":1,"name":"Home","item":"https:\/\/cammatch.org\/"},{"@type":"ListItem","position":2,"name":"Terms"}]},{"@type":"WebSite","@id":"https:\/\/cammatch.org\/#website","url":"https:\/\/cammatch.org\/","name":"CamMatch","description":"Live Video Chat with Random Strangers","publisher":{"@id":"https:\/\/cammatch.org\/#organization"},"potentialAction":[{"@type":"SearchAction","target":{"@type":"EntryPoint","urlTemplate":"https:\/\/cammatch.org\/?s={search_term_string}"},"query-input":"required name=search_term_string"}],"inLanguage":"es"},{"@type":"Organization","@id":"https:\/\/cammatch.org\/#organization","name":"CamMatch","url":"https:\/\/cammatch.org\/","sameAs":[],"logo":{"@type":"ImageObject","inLanguage":"es","@id":"https:\/\/cammatch.org\/#\/schema\/logo\/image\/","url":"https:\/\/cammatch.org\/wp-content\/uploads\/2022\/11\/logo.jpg","contentUrl":"https:\/\/cammatch.org\/wp-content\/uploads\/2022\/11\/logo.jpg","width":1024,"height":1024,"caption":"CamMatch"},"image":{"@id":"https:\/\/cammatch.org\/#\/schema\/logo\/image\/"}}]}},"_links":{"self":[{"href":"https:\/\/cammatch.org\/es\/wp-json\/wp\/v2\/pages\/137","targetHints":{"allow":["GET"]}}],"collection":[{"href":"https:\/\/cammatch.org\/es\/wp-json\/wp\/v2\/pages"}],"about":[{"href":"https:\/\/cammatch.org\/es\/wp-json\/wp\/v2\/types\/page"}],"author":[{"embeddable":true,"href":"https:\/\/cammatch.org\/es\/wp-json\/wp\/v2\/users\/1"}],"replies":[{"embeddable":true,"href":"https:\/\/cammatch.org\/es\/wp-json\/wp\/v2\/comments?post=137"}],"version-history":[{"count":18,"href":"https:\/\/cammatch.org\/es\/wp-json\/wp\/v2\/pages\/137\/revisions"}],"predecessor-version":[{"id":554,"href":"https:\/\/cammatch.org\/es\/wp-json\/wp\/v2\/pages\/137\/revisions\/554"}],"wp:attachment":[{"href":"https:\/\/cammatch.org\/es\/wp-json\/wp\/v2\/media?parent=137"}],"curies":[{"name":"wp","href":"https:\/\/api.w.org\/{rel}","templated":true}]}}